{"id":26,"date":"2017-08-20T06:26:20","date_gmt":"2017-08-20T06:26:20","guid":{"rendered":"https:\/\/celuzag.mx\/?page_id=26"},"modified":"2025-03-28T17:18:28","modified_gmt":"2025-03-28T17:18:28","slug":"empresa","status":"publish","type":"page","link":"https:\/\/celuzag.mx\/en\/empresa\/","title":{"rendered":"Our Company"},"content":{"rendered":"<div data-elementor-type=\"wp-post\" data-elementor-id=\"26\" class=\"elementor elementor-26\">\n\t\t\t\t\t\t<section class=\"elementor-section elementor-top-section elementor-element elementor-element-c0f2e26 elementor-section-full_width elementor-section-height-min-height elementor-section-height-default elementor-section-items-middle wpr-particle-no wpr-jarallax-no wpr-parallax-no wpr-sticky-section-no\" data-id=\"c0f2e26\" data-element_type=\"section\" data-e-type=\"section\" data-settings=\"{&quot;background_background&quot;:&quot;classic&quot;}\">\n\t\t\t\t\t\t<div class=\"elementor-container elementor-column-gap-no\">\n\t\t\t\t\t<div class=\"elementor-column elementor-col-100 elementor-top-column elementor-element elementor-element-382c234\" data-id=\"382c234\" data-element_type=\"column\" data-e-type=\"column\">\n\t\t\t<div class=\"elementor-widget-wrap elementor-element-populated\">\n\t\t\t\t\t\t\t<\/div>\n\t\t<\/div>\n\t\t\t\t\t<\/div>\n\t\t<\/section>\n\t\t\t\t<section class=\"elementor-section elementor-top-section elementor-element elementor-element-2c94160 elementor-section-boxed elementor-section-height-default elementor-section-height-default wpr-particle-no wpr-jarallax-no wpr-parallax-no wpr-sticky-section-no\" data-id=\"2c94160\" data-element_type=\"section\" data-e-type=\"section\">\n\t\t\t\t\t\t<div class=\"elementor-container elementor-column-gap-default\">\n\t\t\t\t\t<div class=\"elementor-column elementor-col-100 elementor-top-column elementor-element elementor-element-2b55aee\" data-id=\"2b55aee\" data-element_type=\"column\" data-e-type=\"column\">\n\t\t\t<div class=\"elementor-widget-wrap elementor-element-populated\">\n\t\t\t\t\t\t<div class=\"elementor-element elementor-element-fa55edf elementor-widget elementor-widget-text-editor\" data-id=\"fa55edf\" data-element_type=\"widget\" data-e-type=\"widget\" data-widget_type=\"text-editor.default\">\n\t\t\t\t<div class=\"elementor-widget-container\">\n\t\t\t\t\t\t\t\t\t<p style=\"font-family: Roboto, sans-serif; font-weight: 400; font-style: normal; text-align: left;\">The Cell, known as the atomic unit, physiological and the origin of every living being. That\u2019s where Celuz\u00ae came from, and everything started.<\/p><p style=\"font-family: Roboto, sans-serif; font-weight: 400; font-style: normal; text-align: left;\" class=\"translation-block\"><strong>Celuz Agro\u00ae<\/strong><br> It designs <strong>organic and biological solutions for agriculture<\/strong>, with new high-tech formulas that lead to greater crop control and effiency<\/p><p style=\"font-family: Roboto, sans-serif; font-weight: 400; font-style: normal; text-align: left;\"><strong>MISSION:<\/strong><\/p><p style=\"font-family: Roboto, sans-serif; font-weight: 400; font-style: normal; text-align: left;\">Contributing with innovated and sustainable technology, looking for food and environment safety<\/p><p style=\"font-family: Roboto, sans-serif; font-weight: 400; font-style: normal; text-align: left;\"><strong>VISION:<\/strong><\/p><p style=\"font-family: Roboto, sans-serif; font-weight: 400; font-style: normal; text-align: left;\">Expand our distribution limits<\/p><p>\u00a0<\/p>\t\t\t\t\t\t\t\t<\/div>\n\t\t\t\t<\/div>\n\t\t\t\t\t<\/div>\n\t\t<\/div>\n\t\t\t\t\t<\/div>\n\t\t<\/section>\n\t\t\t\t<section class=\"elementor-section elementor-top-section elementor-element elementor-element-5750d8d elementor-section-boxed elementor-section-height-default elementor-section-height-default wpr-particle-no wpr-jarallax-no wpr-parallax-no wpr-sticky-section-no\" data-id=\"5750d8d\" data-element_type=\"section\" data-e-type=\"section\">\n\t\t\t\t\t\t<div class=\"elementor-container elementor-column-gap-default\">\n\t\t\t\t\t<div class=\"elementor-column elementor-col-100 elementor-top-column elementor-element elementor-element-0dc36ed\" data-id=\"0dc36ed\" data-element_type=\"column\" data-e-type=\"column\">\n\t\t\t<div class=\"elementor-widget-wrap elementor-element-populated\">\n\t\t\t\t\t\t<div class=\"elementor-element elementor-element-ab11e82 elementor-widget elementor-widget-heading\" data-id=\"ab11e82\" data-element_type=\"widget\" data-e-type=\"widget\" data-widget_type=\"heading.default\">\n\t\t\t\t<div class=\"elementor-widget-container\">\n\t\t\t\t\t<h2 class=\"elementor-heading-title elementor-size-default\">Certificates<\/h2>\t\t\t\t<\/div>\n\t\t\t\t<\/div>\n\t\t\t\t<div class=\"elementor-element elementor-element-cccb660 elementor-widget elementor-widget-image\" data-id=\"cccb660\" data-element_type=\"widget\" data-e-type=\"widget\" data-widget_type=\"image.default\">\n\t\t\t\t<div class=\"elementor-widget-container\">\n\t\t\t\t\t\t\t\t\t\t\t\t\t\t\t<img fetchpriority=\"high\" decoding=\"async\" width=\"15235\" height=\"2053\" src=\"https:\/\/celuzag.mx\/wp-content\/uploads\/2025\/03\/portada-ser-3.png\" class=\"attachment-full size-full wp-image-13005\" alt=\"\" srcset=\"https:\/\/celuzag.mx\/wp-content\/uploads\/2025\/03\/portada-ser-3.png 15235w, https:\/\/celuzag.mx\/wp-content\/uploads\/2025\/03\/portada-ser-3-300x40.png 300w, https:\/\/celuzag.mx\/wp-content\/uploads\/2025\/03\/portada-ser-3-1024x138.png 1024w, https:\/\/celuzag.mx\/wp-content\/uploads\/2025\/03\/portada-ser-3-768x103.png 768w, https:\/\/celuzag.mx\/wp-content\/uploads\/2025\/03\/portada-ser-3-1536x207.png 1536w, https:\/\/celuzag.mx\/wp-content\/uploads\/2025\/03\/portada-ser-3-2048x276.png 2048w, https:\/\/celuzag.mx\/wp-content\/uploads\/2025\/03\/portada-ser-3-18x2.png 18w, https:\/\/celuzag.mx\/wp-content\/uploads\/2025\/03\/portada-ser-3-600x81.png 600w\" sizes=\"(max-width: 15235px) 100vw, 15235px\" \/>\t\t\t\t\t\t\t\t\t\t\t\t\t\t\t<\/div>\n\t\t\t\t<\/div>\n\t\t\t\t\t<\/div>\n\t\t<\/div>\n\t\t\t\t\t<\/div>\n\t\t<\/section>\n\t\t\t\t<\/div>","protected":false},"excerpt":{"rendered":"<p>La Celula, conocida como la unidad anat\u00f3mica, fisiol\u00f3gica y de origen de todo ser vivo. De ah\u00ed surge Celuz\u00ae como derivado, dando inicio a un todo. Celuz Agro\u00aeProyecta las soluciones Org\u00e1nicas y Biol\u00f3gicas para la Agricultura , con nuevas f\u00f3rmulas de alta tecnolog\u00eda, que llevan a un mayor control y rendimiento para los cultivos. MISION: Contribuir con tecnolog\u00eda innovadora y sustentable, buscando la seguridad alimentaria y del ambiente. VISION: Extender fronteras de distribuci\u00f3n \u00a0 Certificados<\/p>","protected":false},"author":1,"featured_media":0,"parent":0,"menu_order":0,"comment_status":"closed","ping_status":"closed","template":"elementor_header_footer","meta":{"_joinchat":[],"footnotes":""},"class_list":["post-26","page","type-page","status-publish","hentry"],"yoast_head":"<!-- This site is optimized with the Yoast SEO plugin v26.9 - https:\/\/yoast.com\/product\/yoast-seo-wordpress\/ -->\n<title>Empresa - Celuz AGRO<\/title>\n<meta name=\"robots\" content=\"index, follow, max-snippet:-1, max-image-preview:large, max-video-preview:-1\" \/>\n<link rel=\"canonical\" href=\"https:\/\/celuzag.mx\/en\/empresa\/\" \/>\n<meta property=\"og:locale\" content=\"en_US\" \/>\n<meta property=\"og:type\" content=\"article\" \/>\n<meta property=\"og:title\" content=\"Empresa - Celuz AGRO\" \/>\n<meta property=\"og:description\" content=\"La Celula, conocida como la unidad anat\u00f3mica, fisiol\u00f3gica y de origen de todo ser vivo. De ah\u00ed surge Celuz\u00ae como derivado, dando inicio a un todo. Celuz Agro\u00aeProyecta las soluciones Org\u00e1nicas y Biol\u00f3gicas para la Agricultura , con nuevas f\u00f3rmulas de alta tecnolog\u00eda, que llevan a un mayor control y rendimiento para los cultivos. MISION: Contribuir con tecnolog\u00eda innovadora y sustentable, buscando la seguridad alimentaria y del ambiente. VISION: Extender fronteras de distribuci\u00f3n \u00a0 Certificados\" \/>\n<meta property=\"og:url\" content=\"https:\/\/celuzag.mx\/en\/empresa\/\" \/>\n<meta property=\"og:site_name\" content=\"Celuz AGRO\" \/>\n<meta property=\"article:publisher\" content=\"https:\/\/www.facebook.com\/CeluzAgro\" \/>\n<meta property=\"article:modified_time\" content=\"2025-03-28T17:18:28+00:00\" \/>\n<meta property=\"og:image\" content=\"https:\/\/celuzag.mx\/wp-content\/uploads\/2025\/03\/portada-ser-3-1024x138.png\" \/>\n\t<meta property=\"og:image:width\" content=\"1024\" \/>\n\t<meta property=\"og:image:height\" content=\"138\" \/>\n\t<meta property=\"og:image:type\" content=\"image\/png\" \/>\n<meta name=\"twitter:card\" content=\"summary_large_image\" \/>\n<meta name=\"twitter:site\" content=\"@CeluzAgro\" \/>\n<script type=\"application\/ld+json\" class=\"yoast-schema-graph\">{\"@context\":\"https:\/\/schema.org\",\"@graph\":[{\"@type\":\"WebPage\",\"@id\":\"https:\/\/celuzag.mx\/empresa\/\",\"url\":\"https:\/\/celuzag.mx\/empresa\/\",\"name\":\"Empresa - Celuz AGRO\",\"isPartOf\":{\"@id\":\"https:\/\/celuzag.mx\/#website\"},\"primaryImageOfPage\":{\"@id\":\"https:\/\/celuzag.mx\/empresa\/#primaryimage\"},\"image\":{\"@id\":\"https:\/\/celuzag.mx\/empresa\/#primaryimage\"},\"thumbnailUrl\":\"https:\/\/celuzag.mx\/wp-content\/uploads\/2025\/03\/portada-ser-3.png\",\"datePublished\":\"2017-08-20T06:26:20+00:00\",\"dateModified\":\"2025-03-28T17:18:28+00:00\",\"breadcrumb\":{\"@id\":\"https:\/\/celuzag.mx\/empresa\/#breadcrumb\"},\"inLanguage\":\"en-US\",\"potentialAction\":[{\"@type\":\"ReadAction\",\"target\":[\"https:\/\/celuzag.mx\/empresa\/\"]}]},{\"@type\":\"ImageObject\",\"inLanguage\":\"en-US\",\"@id\":\"https:\/\/celuzag.mx\/empresa\/#primaryimage\",\"url\":\"https:\/\/celuzag.mx\/wp-content\/uploads\/2025\/03\/portada-ser-3.png\",\"contentUrl\":\"https:\/\/celuzag.mx\/wp-content\/uploads\/2025\/03\/portada-ser-3.png\"},{\"@type\":\"BreadcrumbList\",\"@id\":\"https:\/\/celuzag.mx\/empresa\/#breadcrumb\",\"itemListElement\":[{\"@type\":\"ListItem\",\"position\":1,\"name\":\"Portada\",\"item\":\"https:\/\/celuzag.mx\/\"},{\"@type\":\"ListItem\",\"position\":2,\"name\":\"Empresa\"}]},{\"@type\":\"WebSite\",\"@id\":\"https:\/\/celuzag.mx\/#website\",\"url\":\"https:\/\/celuzag.mx\/\",\"name\":\"Celuz AGRO\",\"description\":\"Empresa de Productos Agricolas\",\"publisher\":{\"@id\":\"https:\/\/celuzag.mx\/#organization\"},\"potentialAction\":[{\"@type\":\"SearchAction\",\"target\":{\"@type\":\"EntryPoint\",\"urlTemplate\":\"https:\/\/celuzag.mx\/?s={search_term_string}\"},\"query-input\":{\"@type\":\"PropertyValueSpecification\",\"valueRequired\":true,\"valueName\":\"search_term_string\"}}],\"inLanguage\":\"en-US\"},{\"@type\":\"Organization\",\"@id\":\"https:\/\/celuzag.mx\/#organization\",\"name\":\"Celuz AGRO\",\"url\":\"https:\/\/celuzag.mx\/\",\"logo\":{\"@type\":\"ImageObject\",\"inLanguage\":\"en-US\",\"@id\":\"https:\/\/celuzag.mx\/#\/schema\/logo\/image\/\",\"url\":\"https:\/\/celuzag.mx\/wp-content\/uploads\/2017\/12\/cropped-cropped-Celuz-AGRO-Registrada-1-e1740420020149.png\",\"contentUrl\":\"https:\/\/celuzag.mx\/wp-content\/uploads\/2017\/12\/cropped-cropped-Celuz-AGRO-Registrada-1-e1740420020149.png\",\"width\":250,\"height\":88,\"caption\":\"Celuz AGRO\"},\"image\":{\"@id\":\"https:\/\/celuzag.mx\/#\/schema\/logo\/image\/\"},\"sameAs\":[\"https:\/\/www.facebook.com\/CeluzAgro\",\"https:\/\/x.com\/CeluzAgro\",\"https:\/\/www.instagram.com\/celuzagro\/\",\"https:\/\/www.youtube.com\/@celuzagro519\",\"https:\/\/mx.linkedin.com\/company\/celuz-agro\"]}]}<\/script>\n<!-- \/ Yoast SEO plugin. -->","yoast_head_json":{"title":"Empresa - Celuz AGRO","robots":{"index":"index","follow":"follow","max-snippet":"max-snippet:-1","max-image-preview":"max-image-preview:large","max-video-preview":"max-video-preview:-1"},"canonical":"https:\/\/celuzag.mx\/en\/empresa\/","og_locale":"en_US","og_type":"article","og_title":"Empresa - Celuz AGRO","og_description":"La Celula, conocida como la unidad anat\u00f3mica, fisiol\u00f3gica y de origen de todo ser vivo. De ah\u00ed surge Celuz\u00ae como derivado, dando inicio a un todo. Celuz Agro\u00aeProyecta las soluciones Org\u00e1nicas y Biol\u00f3gicas para la Agricultura , con nuevas f\u00f3rmulas de alta tecnolog\u00eda, que llevan a un mayor control y rendimiento para los cultivos. MISION: Contribuir con tecnolog\u00eda innovadora y sustentable, buscando la seguridad alimentaria y del ambiente. VISION: Extender fronteras de distribuci\u00f3n \u00a0 Certificados","og_url":"https:\/\/celuzag.mx\/en\/empresa\/","og_site_name":"Celuz AGRO","article_publisher":"https:\/\/www.facebook.com\/CeluzAgro","article_modified_time":"2025-03-28T17:18:28+00:00","og_image":[{"width":1024,"height":138,"url":"https:\/\/celuzag.mx\/wp-content\/uploads\/2025\/03\/portada-ser-3-1024x138.png","type":"image\/png"}],"twitter_card":"summary_large_image","twitter_site":"@CeluzAgro","schema":{"@context":"https:\/\/schema.org","@graph":[{"@type":"WebPage","@id":"https:\/\/celuzag.mx\/empresa\/","url":"https:\/\/celuzag.mx\/empresa\/","name":"Empresa - Celuz AGRO","isPartOf":{"@id":"https:\/\/celuzag.mx\/#website"},"primaryImageOfPage":{"@id":"https:\/\/celuzag.mx\/empresa\/#primaryimage"},"image":{"@id":"https:\/\/celuzag.mx\/empresa\/#primaryimage"},"thumbnailUrl":"https:\/\/celuzag.mx\/wp-content\/uploads\/2025\/03\/portada-ser-3.png","datePublished":"2017-08-20T06:26:20+00:00","dateModified":"2025-03-28T17:18:28+00:00","breadcrumb":{"@id":"https:\/\/celuzag.mx\/empresa\/#breadcrumb"},"inLanguage":"en-US","potentialAction":[{"@type":"ReadAction","target":["https:\/\/celuzag.mx\/empresa\/"]}]},{"@type":"ImageObject","inLanguage":"en-US","@id":"https:\/\/celuzag.mx\/empresa\/#primaryimage","url":"https:\/\/celuzag.mx\/wp-content\/uploads\/2025\/03\/portada-ser-3.png","contentUrl":"https:\/\/celuzag.mx\/wp-content\/uploads\/2025\/03\/portada-ser-3.png"},{"@type":"BreadcrumbList","@id":"https:\/\/celuzag.mx\/empresa\/#breadcrumb","itemListElement":[{"@type":"ListItem","position":1,"name":"Portada","item":"https:\/\/celuzag.mx\/"},{"@type":"ListItem","position":2,"name":"Empresa"}]},{"@type":"WebSite","@id":"https:\/\/celuzag.mx\/#website","url":"https:\/\/celuzag.mx\/","name":"It designs organic and biological solutions for agriculture, with new high-tech formulas that lead to greater crop control and effiency","description":"Empresa de Productos Agricolas","publisher":{"@id":"https:\/\/celuzag.mx\/#organization"},"potentialAction":[{"@type":"SearchAction","target":{"@type":"EntryPoint","urlTemplate":"https:\/\/celuzag.mx\/?s={search_term_string}"},"query-input":{"@type":"PropertyValueSpecification","valueRequired":true,"valueName":"search_term_string"}}],"inLanguage":"en-US"},{"@type":"Organization","@id":"https:\/\/celuzag.mx\/#organization","name":"It designs organic and biological solutions for agriculture, with new high-tech formulas that lead to greater crop control and effiency","url":"https:\/\/celuzag.mx\/","logo":{"@type":"ImageObject","inLanguage":"en-US","@id":"https:\/\/celuzag.mx\/#\/schema\/logo\/image\/","url":"https:\/\/celuzag.mx\/wp-content\/uploads\/2017\/12\/cropped-cropped-Celuz-AGRO-Registrada-1-e1740420020149.png","contentUrl":"https:\/\/celuzag.mx\/wp-content\/uploads\/2017\/12\/cropped-cropped-Celuz-AGRO-Registrada-1-e1740420020149.png","width":250,"height":88,"caption":"Celuz AGRO"},"image":{"@id":"https:\/\/celuzag.mx\/#\/schema\/logo\/image\/"},"sameAs":["https:\/\/www.facebook.com\/CeluzAgro","https:\/\/x.com\/CeluzAgro","https:\/\/www.instagram.com\/celuzagro\/","https:\/\/www.youtube.com\/@celuzagro519","https:\/\/mx.linkedin.com\/company\/celuz-agro"]}]}},"_links":{"self":[{"href":"https:\/\/celuzag.mx\/en\/wp-json\/wp\/v2\/pages\/26","targetHints":{"allow":["GET"]}}],"collection":[{"href":"https:\/\/celuzag.mx\/en\/wp-json\/wp\/v2\/pages"}],"about":[{"href":"https:\/\/celuzag.mx\/en\/wp-json\/wp\/v2\/types\/page"}],"author":[{"embeddable":true,"href":"https:\/\/celuzag.mx\/en\/wp-json\/wp\/v2\/users\/1"}],"replies":[{"embeddable":true,"href":"https:\/\/celuzag.mx\/en\/wp-json\/wp\/v2\/comments?post=26"}],"version-history":[{"count":222,"href":"https:\/\/celuzag.mx\/en\/wp-json\/wp\/v2\/pages\/26\/revisions"}],"predecessor-version":[{"id":13500,"href":"https:\/\/celuzag.mx\/en\/wp-json\/wp\/v2\/pages\/26\/revisions\/13500"}],"wp:attachment":[{"href":"https:\/\/celuzag.mx\/en\/wp-json\/wp\/v2\/media?parent=26"}],"curies":[{"name":"wp","href":"https:\/\/api.w.org\/{rel}","templated":true}]}}