{"id":28,"date":"2017-08-20T06:26:29","date_gmt":"2017-08-20T06:26:29","guid":{"rendered":"https:\/\/celuzag.mx\/?page_id=28"},"modified":"2026-03-10T16:15:08","modified_gmt":"2026-03-10T16:15:08","slug":"ventas","status":"publish","type":"page","link":"https:\/\/celuzag.mx\/en\/ventas\/","title":{"rendered":"Sales"},"content":{"rendered":"<div data-elementor-type=\"wp-post\" data-elementor-id=\"28\" class=\"elementor elementor-28\">\n\t\t\t\t\t\t<section class=\"elementor-section elementor-top-section elementor-element elementor-element-64de647 elementor-section-full_width elementor-section-height-min-height elementor-section-height-default elementor-section-items-middle wpr-particle-no wpr-jarallax-no wpr-parallax-no wpr-sticky-section-no\" data-id=\"64de647\" data-element_type=\"section\" data-e-type=\"section\" data-settings=\"{&quot;background_background&quot;:&quot;classic&quot;}\">\n\t\t\t\t\t\t<div class=\"elementor-container elementor-column-gap-no\">\n\t\t\t\t\t<div class=\"elementor-column elementor-col-100 elementor-top-column elementor-element elementor-element-ba9cd5b\" data-id=\"ba9cd5b\" data-element_type=\"column\" data-e-type=\"column\">\n\t\t\t<div class=\"elementor-widget-wrap elementor-element-populated\">\n\t\t\t\t\t\t\t<\/div>\n\t\t<\/div>\n\t\t\t\t\t<\/div>\n\t\t<\/section>\n\t\t\t\t<section class=\"elementor-section elementor-top-section elementor-element elementor-element-4d9b485 elementor-section-boxed elementor-section-height-default elementor-section-height-default wpr-particle-no wpr-jarallax-no wpr-parallax-no wpr-sticky-section-no\" data-id=\"4d9b485\" data-element_type=\"section\" data-e-type=\"section\">\n\t\t\t\t\t\t<div class=\"elementor-container elementor-column-gap-default\">\n\t\t\t\t\t<div class=\"elementor-column elementor-col-100 elementor-top-column elementor-element elementor-element-8f9add4\" data-id=\"8f9add4\" data-element_type=\"column\" data-e-type=\"column\">\n\t\t\t<div class=\"elementor-widget-wrap elementor-element-populated\">\n\t\t\t\t\t\t<div class=\"elementor-element elementor-element-846c91c elementor-widget elementor-widget-image\" data-id=\"846c91c\" data-element_type=\"widget\" data-e-type=\"widget\" data-widget_type=\"image.default\">\n\t\t\t\t<div class=\"elementor-widget-container\">\n\t\t\t\t\t\t\t\t\t\t\t\t\t\t\t<img fetchpriority=\"high\" decoding=\"async\" width=\"800\" height=\"123\" src=\"https:\/\/celuzag.mx\/wp-content\/uploads\/2025\/11\/BANNER-AMAZON-1024x158.png\" class=\"attachment-large size-large wp-image-20376\" alt=\"\" srcset=\"https:\/\/celuzag.mx\/wp-content\/uploads\/2025\/11\/BANNER-AMAZON-1024x158.png 1024w, https:\/\/celuzag.mx\/wp-content\/uploads\/2025\/11\/BANNER-AMAZON-300x46.png 300w, https:\/\/celuzag.mx\/wp-content\/uploads\/2025\/11\/BANNER-AMAZON-768x118.png 768w, https:\/\/celuzag.mx\/wp-content\/uploads\/2025\/11\/BANNER-AMAZON-1536x237.png 1536w, https:\/\/celuzag.mx\/wp-content\/uploads\/2025\/11\/BANNER-AMAZON-18x3.png 18w, https:\/\/celuzag.mx\/wp-content\/uploads\/2025\/11\/BANNER-AMAZON-600x92.png 600w, https:\/\/celuzag.mx\/wp-content\/uploads\/2025\/11\/BANNER-AMAZON.png 1778w\" sizes=\"(max-width: 800px) 100vw, 800px\" \/>\t\t\t\t\t\t\t\t\t\t\t\t\t\t\t<\/div>\n\t\t\t\t<\/div>\n\t\t\t\t\t<\/div>\n\t\t<\/div>\n\t\t\t\t\t<\/div>\n\t\t<\/section>\n\t\t\t\t<section class=\"elementor-section elementor-top-section elementor-element elementor-element-3a32ffb elementor-section-full_width elementor-section-height-default elementor-section-height-default wpr-particle-no wpr-jarallax-no wpr-parallax-no wpr-sticky-section-no\" data-id=\"3a32ffb\" data-element_type=\"section\" data-e-type=\"section\">\n\t\t\t\t\t\t<div class=\"elementor-container elementor-column-gap-wide\">\n\t\t\t\t\t<div class=\"elementor-column elementor-col-100 elementor-top-column elementor-element elementor-element-a35604f\" data-id=\"a35604f\" data-element_type=\"column\" data-e-type=\"column\">\n\t\t\t<div class=\"elementor-widget-wrap elementor-element-populated\">\n\t\t\t\t\t\t<div class=\"elementor-element elementor-element-7e59bb4 elementor-widget elementor-widget-text-editor\" data-id=\"7e59bb4\" data-element_type=\"widget\" data-e-type=\"widget\" data-widget_type=\"text-editor.default\">\n\t\t\t\t<div class=\"elementor-widget-container\">\n\t\t\t\t\t\t\t\t\t<p><strong>Guzm\u00e1n City Store<\/strong><\/p><p>Avenue Zapotiltic \u2013 CD Guzm\u00e1n Km 5.0<\/p><p>(La Vuelta del Zapote) # 13<\/p><p>Centro Zip Code. 49000<\/p><p>Dentro de la Estaci\u00f3n de Servicio Silvic<\/p><p>Cd. Guzm\u00e1n, Jalisco, M\u00e9xico<\/p><p>Office: (33) 3861 9925<\/p><p>Cell phone: 3311962730<\/p><p>Cell phone: 3311939246<\/p><p>ventas@celuz.mx<\/p><p>Open Monday to Friday 9:00 am to 5:00 pm<\/p><p>Saturday 9:00 am to 2:00 pm<\/p>\t\t\t\t\t\t\t\t<\/div>\n\t\t\t\t<\/div>\n\t\t\t\t\t<\/div>\n\t\t<\/div>\n\t\t\t\t\t<\/div>\n\t\t<\/section>\n\t\t\t\t<section class=\"elementor-section elementor-top-section elementor-element elementor-element-c9e2f54 elementor-section-boxed elementor-section-height-default elementor-section-height-default wpr-particle-no wpr-jarallax-no wpr-parallax-no wpr-sticky-section-no\" data-id=\"c9e2f54\" data-element_type=\"section\" data-e-type=\"section\">\n\t\t\t\t\t\t<div class=\"elementor-container elementor-column-gap-default\">\n\t\t\t\t\t<div class=\"elementor-column elementor-col-100 elementor-top-column elementor-element elementor-element-7274da4\" data-id=\"7274da4\" data-element_type=\"column\" data-e-type=\"column\">\n\t\t\t<div class=\"elementor-widget-wrap elementor-element-populated\">\n\t\t\t\t\t\t<div class=\"elementor-element elementor-element-cbbe74e elementor-widget elementor-widget-heading\" data-id=\"cbbe74e\" data-element_type=\"widget\" data-e-type=\"widget\" data-widget_type=\"heading.default\">\n\t\t\t\t<div class=\"elementor-widget-container\">\n\t\t\t\t\t<h2 class=\"elementor-heading-title elementor-size-default\">We accept cards<\/h2>\t\t\t\t<\/div>\n\t\t\t\t<\/div>\n\t\t\t\t\t<\/div>\n\t\t<\/div>\n\t\t\t\t\t<\/div>\n\t\t<\/section>\n\t\t\t\t<section class=\"elementor-section elementor-top-section elementor-element elementor-element-12508ed elementor-section-boxed elementor-section-height-default elementor-section-height-default wpr-particle-no wpr-jarallax-no wpr-parallax-no wpr-sticky-section-no\" data-id=\"12508ed\" data-element_type=\"section\" data-e-type=\"section\">\n\t\t\t\t\t\t<div class=\"elementor-container elementor-column-gap-default\">\n\t\t\t\t\t<div class=\"elementor-column elementor-col-100 elementor-top-column elementor-element elementor-element-c996db5\" data-id=\"c996db5\" data-element_type=\"column\" data-e-type=\"column\">\n\t\t\t<div class=\"elementor-widget-wrap elementor-element-populated\">\n\t\t\t\t\t\t<div class=\"elementor-element elementor-element-78767f4 elementor-widget elementor-widget-image\" data-id=\"78767f4\" data-element_type=\"widget\" data-e-type=\"widget\" data-widget_type=\"image.default\">\n\t\t\t\t<div class=\"elementor-widget-container\">\n\t\t\t\t\t\t\t\t\t\t\t\t\t\t\t<img decoding=\"async\" width=\"800\" height=\"123\" src=\"https:\/\/celuzag.mx\/wp-content\/uploads\/2025\/03\/targetas-1-1024x158.png\" class=\"attachment-large size-large wp-image-13078\" alt=\"\" srcset=\"https:\/\/celuzag.mx\/wp-content\/uploads\/2025\/03\/targetas-1-1024x158.png 1024w, https:\/\/celuzag.mx\/wp-content\/uploads\/2025\/03\/targetas-1-300x46.png 300w, https:\/\/celuzag.mx\/wp-content\/uploads\/2025\/03\/targetas-1-768x118.png 768w, https:\/\/celuzag.mx\/wp-content\/uploads\/2025\/03\/targetas-1-1536x237.png 1536w, https:\/\/celuzag.mx\/wp-content\/uploads\/2025\/03\/targetas-1-18x3.png 18w, https:\/\/celuzag.mx\/wp-content\/uploads\/2025\/03\/targetas-1-600x92.png 600w, https:\/\/celuzag.mx\/wp-content\/uploads\/2025\/03\/targetas-1.png 1778w\" sizes=\"(max-width: 800px) 100vw, 800px\" \/>\t\t\t\t\t\t\t\t\t\t\t\t\t\t\t<\/div>\n\t\t\t\t<\/div>\n\t\t\t\t\t<\/div>\n\t\t<\/div>\n\t\t\t\t\t<\/div>\n\t\t<\/section>\n\t\t\t\t<section class=\"elementor-section elementor-top-section elementor-element elementor-element-e7df383 elementor-section-boxed elementor-section-height-default elementor-section-height-default wpr-particle-no wpr-jarallax-no wpr-parallax-no wpr-sticky-section-no\" data-id=\"e7df383\" data-element_type=\"section\" data-e-type=\"section\">\n\t\t\t\t\t\t<div class=\"elementor-container elementor-column-gap-default\">\n\t\t\t\t\t<div class=\"elementor-column elementor-col-100 elementor-top-column elementor-element elementor-element-a7634c1\" data-id=\"a7634c1\" data-element_type=\"column\" data-e-type=\"column\">\n\t\t\t<div class=\"elementor-widget-wrap elementor-element-populated\">\n\t\t\t\t\t\t<div class=\"elementor-element elementor-element-d4fa8a9 elementor-widget elementor-widget-html\" data-id=\"d4fa8a9\" data-element_type=\"widget\" data-e-type=\"widget\" data-widget_type=\"html.default\">\n\t\t\t\t<div class=\"elementor-widget-container\">\n\t\t\t\t\t<iframe src=\"https:\/\/www.google.com\/maps\/d\/embed?mid=zQxmMZqGKvvg.k1ovTDejBss8\" width=\"640\" height=\"480\"><\/iframe>\t\t\t\t<\/div>\n\t\t\t\t<\/div>\n\t\t\t\t\t<\/div>\n\t\t<\/div>\n\t\t\t\t\t<\/div>\n\t\t<\/section>\n\t\t\t\t<section class=\"elementor-section elementor-top-section elementor-element elementor-element-367a19c elementor-section-boxed elementor-section-height-default elementor-section-height-default wpr-particle-no wpr-jarallax-no wpr-parallax-no wpr-sticky-section-no\" data-id=\"367a19c\" data-element_type=\"section\" data-e-type=\"section\">\n\t\t\t\t\t\t<div class=\"elementor-container elementor-column-gap-default\">\n\t\t\t\t\t<div class=\"elementor-column elementor-col-100 elementor-top-column elementor-element elementor-element-e152407\" data-id=\"e152407\" data-element_type=\"column\" data-e-type=\"column\">\n\t\t\t<div class=\"elementor-widget-wrap elementor-element-populated\">\n\t\t\t\t\t\t<div class=\"elementor-element elementor-element-be913ef elementor-widget elementor-widget-heading\" data-id=\"be913ef\" data-element_type=\"widget\" data-e-type=\"widget\" data-widget_type=\"heading.default\">\n\t\t\t\t<div class=\"elementor-widget-container\">\n\t\t\t\t\t<h2 class=\"elementor-heading-title elementor-size-default\"><h4><strong>Ask for your nearest distributor<\/strong><\/h4><\/h2>\t\t\t\t<\/div>\n\t\t\t\t<\/div>\n\t\t\t\t<div class=\"elementor-element elementor-element-94878d3 elementor-widget elementor-widget-image\" data-id=\"94878d3\" data-element_type=\"widget\" data-e-type=\"widget\" data-widget_type=\"image.default\">\n\t\t\t\t<div class=\"elementor-widget-container\">\n\t\t\t\t\t\t\t\t\t\t\t\t\t\t\t<img decoding=\"async\" src=\"https:\/\/celuzag.mx\/wp-content\/uploads\/elementor\/thumbs\/Mapa-Distribuidores-r3ht9g9yhtch5qxdwjzf76rwfg1s9docjsvgappgcg.png\" title=\"Mapa Distribuidores\" alt=\"Mapa Distribuidores\" loading=\"lazy\" \/>\t\t\t\t\t\t\t\t\t\t\t\t\t\t\t<\/div>\n\t\t\t\t<\/div>\n\t\t\t\t<div class=\"elementor-element elementor-element-d3696d1 elementor-widget elementor-widget-image\" data-id=\"d3696d1\" data-element_type=\"widget\" data-e-type=\"widget\" data-widget_type=\"image.default\">\n\t\t\t\t<div class=\"elementor-widget-container\">\n\t\t\t\t\t\t\t\t\t\t\t\t\t\t\t<img decoding=\"async\" width=\"800\" height=\"39\" src=\"https:\/\/celuzag.mx\/wp-content\/uploads\/2025\/03\/edosss-1024x50.png\" class=\"attachment-large size-large wp-image-13056\" alt=\"\" srcset=\"https:\/\/celuzag.mx\/wp-content\/uploads\/2025\/03\/edosss-1024x50.png 1024w, https:\/\/celuzag.mx\/wp-content\/uploads\/2025\/03\/edosss-300x15.png 300w, https:\/\/celuzag.mx\/wp-content\/uploads\/2025\/03\/edosss-768x37.png 768w, https:\/\/celuzag.mx\/wp-content\/uploads\/2025\/03\/edosss-1536x75.png 1536w, https:\/\/celuzag.mx\/wp-content\/uploads\/2025\/03\/edosss-2048x100.png 2048w, https:\/\/celuzag.mx\/wp-content\/uploads\/2025\/03\/edosss-18x1.png 18w, https:\/\/celuzag.mx\/wp-content\/uploads\/2025\/03\/edosss-600x29.png 600w\" sizes=\"(max-width: 800px) 100vw, 800px\" \/>\t\t\t\t\t\t\t\t\t\t\t\t\t\t\t<\/div>\n\t\t\t\t<\/div>\n\t\t\t\t<div class=\"elementor-element elementor-element-e46ceab elementor-widget elementor-widget-spacer\" data-id=\"e46ceab\" data-element_type=\"widget\" data-e-type=\"widget\" data-widget_type=\"spacer.default\">\n\t\t\t\t<div class=\"elementor-widget-container\">\n\t\t\t\t\t\t\t<div class=\"elementor-spacer\">\n\t\t\t<div class=\"elementor-spacer-inner\"><\/div>\n\t\t<\/div>\n\t\t\t\t\t\t<\/div>\n\t\t\t\t<\/div>\n\t\t\t\t\t<\/div>\n\t\t<\/div>\n\t\t\t\t\t<\/div>\n\t\t<\/section>\n\t\t\t\t<section class=\"elementor-section elementor-top-section elementor-element elementor-element-2c010db elementor-section-boxed elementor-section-height-default elementor-section-height-default wpr-particle-no wpr-jarallax-no wpr-parallax-no wpr-sticky-section-no\" data-id=\"2c010db\" data-element_type=\"section\" data-e-type=\"section\">\n\t\t\t\t\t\t<div class=\"elementor-container elementor-column-gap-default\">\n\t\t\t\t\t<div class=\"elementor-column elementor-col-100 elementor-top-column elementor-element elementor-element-35f6620\" data-id=\"35f6620\" data-element_type=\"column\" data-e-type=\"column\">\n\t\t\t<div class=\"elementor-widget-wrap\">\n\t\t\t\t\t\t\t<\/div>\n\t\t<\/div>\n\t\t\t\t\t<\/div>\n\t\t<\/section>\n\t\t\t\t<\/div>","protected":false},"excerpt":{"rendered":"<p>Sucursal Cd. Guzm\u00e1n Carretera Zapotiltic \u2013 CD Guzm\u00e1n Km 5.0 (La Vuelta del Zapote) Local # 13 Col. Centro Cp. 49000 Dentro de la Estaci\u00f3n de Servicio Silvic Cd. Guzm\u00e1n, Jalisco, M\u00e9xico O\ufb01cina: (33) 38619925 Cel. Tienda: 3311962730 Cel. Ventas: 3311939246 ventas@celuz.mx Lunes a Viernes 9:00 am a 5:00 pm S\u00e1bado 9:00 am a 2:00 pm Aceptamos Tarjetas Pregunta por tu distribuidor m\u00e1s cercano<\/p>","protected":false},"author":1,"featured_media":0,"parent":0,"menu_order":0,"comment_status":"closed","ping_status":"closed","template":"elementor_header_footer","meta":{"_joinchat":[],"footnotes":""},"class_list":["post-28","page","type-page","status-publish","hentry"],"yoast_head":"<!-- This site is optimized with the Yoast SEO plugin v26.9 - https:\/\/yoast.com\/product\/yoast-seo-wordpress\/ -->\n<title>Ventas - Celuz AGRO<\/title>\n<meta name=\"robots\" content=\"index, follow, max-snippet:-1, max-image-preview:large, max-video-preview:-1\" \/>\n<link rel=\"canonical\" href=\"https:\/\/celuzag.mx\/en\/ventas\/\" \/>\n<meta property=\"og:locale\" content=\"en_US\" \/>\n<meta property=\"og:type\" content=\"article\" \/>\n<meta property=\"og:title\" content=\"Ventas - Celuz AGRO\" \/>\n<meta property=\"og:description\" content=\"Sucursal Cd. Guzm\u00e1n Carretera Zapotiltic \u2013 CD Guzm\u00e1n Km 5.0 (La Vuelta del Zapote) Local # 13 Col. Centro Cp. 49000 Dentro de la Estaci\u00f3n de Servicio Silvic Cd. Guzm\u00e1n, Jalisco, M\u00e9xico O\ufb01cina: (33) 38619925 Cel. Tienda: 3311962730 Cel. Ventas: 3311939246 ventas@celuz.mx Lunes a Viernes 9:00 am a 5:00 pm S\u00e1bado 9:00 am a 2:00 pm Aceptamos Tarjetas Pregunta por tu distribuidor m\u00e1s cercano\" \/>\n<meta property=\"og:url\" content=\"https:\/\/celuzag.mx\/en\/ventas\/\" \/>\n<meta property=\"og:site_name\" content=\"Celuz AGRO\" \/>\n<meta property=\"article:publisher\" content=\"https:\/\/www.facebook.com\/CeluzAgro\" \/>\n<meta property=\"article:modified_time\" content=\"2026-03-10T16:15:08+00:00\" \/>\n<meta property=\"og:image\" content=\"https:\/\/celuzag.mx\/wp-content\/uploads\/2025\/11\/BANNER-AMAZON.png\" \/>\n\t<meta property=\"og:image:width\" content=\"1778\" \/>\n\t<meta property=\"og:image:height\" content=\"274\" \/>\n\t<meta property=\"og:image:type\" content=\"image\/png\" \/>\n<meta name=\"twitter:card\" content=\"summary_large_image\" \/>\n<meta name=\"twitter:site\" content=\"@CeluzAgro\" \/>\n<meta name=\"twitter:label1\" content=\"Est. reading time\" \/>\n\t<meta name=\"twitter:data1\" content=\"2 minutes\" \/>\n<script type=\"application\/ld+json\" class=\"yoast-schema-graph\">{\"@context\":\"https:\/\/schema.org\",\"@graph\":[{\"@type\":\"WebPage\",\"@id\":\"https:\/\/celuzag.mx\/ventas\/\",\"url\":\"https:\/\/celuzag.mx\/ventas\/\",\"name\":\"Ventas - Celuz AGRO\",\"isPartOf\":{\"@id\":\"https:\/\/celuzag.mx\/#website\"},\"primaryImageOfPage\":{\"@id\":\"https:\/\/celuzag.mx\/ventas\/#primaryimage\"},\"image\":{\"@id\":\"https:\/\/celuzag.mx\/ventas\/#primaryimage\"},\"thumbnailUrl\":\"https:\/\/celuzag.mx\/wp-content\/uploads\/2025\/11\/BANNER-AMAZON-1024x158.png\",\"datePublished\":\"2017-08-20T06:26:29+00:00\",\"dateModified\":\"2026-03-10T16:15:08+00:00\",\"breadcrumb\":{\"@id\":\"https:\/\/celuzag.mx\/ventas\/#breadcrumb\"},\"inLanguage\":\"en-US\",\"potentialAction\":[{\"@type\":\"ReadAction\",\"target\":[\"https:\/\/celuzag.mx\/ventas\/\"]}]},{\"@type\":\"ImageObject\",\"inLanguage\":\"en-US\",\"@id\":\"https:\/\/celuzag.mx\/ventas\/#primaryimage\",\"url\":\"https:\/\/celuzag.mx\/wp-content\/uploads\/2025\/11\/BANNER-AMAZON-1024x158.png\",\"contentUrl\":\"https:\/\/celuzag.mx\/wp-content\/uploads\/2025\/11\/BANNER-AMAZON-1024x158.png\"},{\"@type\":\"BreadcrumbList\",\"@id\":\"https:\/\/celuzag.mx\/ventas\/#breadcrumb\",\"itemListElement\":[{\"@type\":\"ListItem\",\"position\":1,\"name\":\"Portada\",\"item\":\"https:\/\/celuzag.mx\/\"},{\"@type\":\"ListItem\",\"position\":2,\"name\":\"Ventas\"}]},{\"@type\":\"WebSite\",\"@id\":\"https:\/\/celuzag.mx\/#website\",\"url\":\"https:\/\/celuzag.mx\/\",\"name\":\"Celuz AGRO\",\"description\":\"Empresa de Productos Agricolas\",\"publisher\":{\"@id\":\"https:\/\/celuzag.mx\/#organization\"},\"potentialAction\":[{\"@type\":\"SearchAction\",\"target\":{\"@type\":\"EntryPoint\",\"urlTemplate\":\"https:\/\/celuzag.mx\/?s={search_term_string}\"},\"query-input\":{\"@type\":\"PropertyValueSpecification\",\"valueRequired\":true,\"valueName\":\"search_term_string\"}}],\"inLanguage\":\"en-US\"},{\"@type\":\"Organization\",\"@id\":\"https:\/\/celuzag.mx\/#organization\",\"name\":\"Celuz AGRO\",\"url\":\"https:\/\/celuzag.mx\/\",\"logo\":{\"@type\":\"ImageObject\",\"inLanguage\":\"en-US\",\"@id\":\"https:\/\/celuzag.mx\/#\/schema\/logo\/image\/\",\"url\":\"https:\/\/celuzag.mx\/wp-content\/uploads\/2017\/12\/cropped-cropped-Celuz-AGRO-Registrada-1-e1740420020149.png\",\"contentUrl\":\"https:\/\/celuzag.mx\/wp-content\/uploads\/2017\/12\/cropped-cropped-Celuz-AGRO-Registrada-1-e1740420020149.png\",\"width\":250,\"height\":88,\"caption\":\"Celuz AGRO\"},\"image\":{\"@id\":\"https:\/\/celuzag.mx\/#\/schema\/logo\/image\/\"},\"sameAs\":[\"https:\/\/www.facebook.com\/CeluzAgro\",\"https:\/\/x.com\/CeluzAgro\",\"https:\/\/www.instagram.com\/celuzagro\/\",\"https:\/\/www.youtube.com\/@celuzagro519\",\"https:\/\/mx.linkedin.com\/company\/celuz-agro\"]}]}<\/script>\n<!-- \/ Yoast SEO plugin. -->","yoast_head_json":{"title":"Ventas - Celuz AGRO","robots":{"index":"index","follow":"follow","max-snippet":"max-snippet:-1","max-image-preview":"max-image-preview:large","max-video-preview":"max-video-preview:-1"},"canonical":"https:\/\/celuzag.mx\/en\/ventas\/","og_locale":"en_US","og_type":"article","og_title":"Ventas - Celuz AGRO","og_description":"Sucursal Cd. Guzm\u00e1n Carretera Zapotiltic \u2013 CD Guzm\u00e1n Km 5.0 (La Vuelta del Zapote) Local # 13 Col. Centro Cp. 49000 Dentro de la Estaci\u00f3n de Servicio Silvic Cd. Guzm\u00e1n, Jalisco, M\u00e9xico O\ufb01cina: (33) 38619925 Cel. Tienda: 3311962730 Cel. Ventas: 3311939246 ventas@celuz.mx Lunes a Viernes 9:00 am a 5:00 pm S\u00e1bado 9:00 am a 2:00 pm Aceptamos Tarjetas Pregunta por tu distribuidor m\u00e1s cercano","og_url":"https:\/\/celuzag.mx\/en\/ventas\/","og_site_name":"Celuz AGRO","article_publisher":"https:\/\/www.facebook.com\/CeluzAgro","article_modified_time":"2026-03-10T16:15:08+00:00","og_image":[{"width":1778,"height":274,"url":"https:\/\/celuzag.mx\/wp-content\/uploads\/2025\/11\/BANNER-AMAZON.png","type":"image\/png"}],"twitter_card":"summary_large_image","twitter_site":"@CeluzAgro","twitter_misc":{"Est. reading time":"2 minutes"},"schema":{"@context":"https:\/\/schema.org","@graph":[{"@type":"WebPage","@id":"https:\/\/celuzag.mx\/ventas\/","url":"https:\/\/celuzag.mx\/ventas\/","name":"Ventas - Celuz AGRO","isPartOf":{"@id":"https:\/\/celuzag.mx\/#website"},"primaryImageOfPage":{"@id":"https:\/\/celuzag.mx\/ventas\/#primaryimage"},"image":{"@id":"https:\/\/celuzag.mx\/ventas\/#primaryimage"},"thumbnailUrl":"https:\/\/celuzag.mx\/wp-content\/uploads\/2025\/11\/BANNER-AMAZON-1024x158.png","datePublished":"2017-08-20T06:26:29+00:00","dateModified":"2026-03-10T16:15:08+00:00","breadcrumb":{"@id":"https:\/\/celuzag.mx\/ventas\/#breadcrumb"},"inLanguage":"en-US","potentialAction":[{"@type":"ReadAction","target":["https:\/\/celuzag.mx\/ventas\/"]}]},{"@type":"ImageObject","inLanguage":"en-US","@id":"https:\/\/celuzag.mx\/ventas\/#primaryimage","url":"https:\/\/celuzag.mx\/wp-content\/uploads\/2025\/11\/BANNER-AMAZON-1024x158.png","contentUrl":"https:\/\/celuzag.mx\/wp-content\/uploads\/2025\/11\/BANNER-AMAZON-1024x158.png"},{"@type":"BreadcrumbList","@id":"https:\/\/celuzag.mx\/ventas\/#breadcrumb","itemListElement":[{"@type":"ListItem","position":1,"name":"Portada","item":"https:\/\/celuzag.mx\/"},{"@type":"ListItem","position":2,"name":"Ventas"}]},{"@type":"WebSite","@id":"https:\/\/celuzag.mx\/#website","url":"https:\/\/celuzag.mx\/","name":"It designs organic and biological solutions for agriculture, with new high-tech formulas that lead to greater crop control and effiency","description":"Empresa de Productos Agricolas","publisher":{"@id":"https:\/\/celuzag.mx\/#organization"},"potentialAction":[{"@type":"SearchAction","target":{"@type":"EntryPoint","urlTemplate":"https:\/\/celuzag.mx\/?s={search_term_string}"},"query-input":{"@type":"PropertyValueSpecification","valueRequired":true,"valueName":"search_term_string"}}],"inLanguage":"en-US"},{"@type":"Organization","@id":"https:\/\/celuzag.mx\/#organization","name":"It designs organic and biological solutions for agriculture, with new high-tech formulas that lead to greater crop control and effiency","url":"https:\/\/celuzag.mx\/","logo":{"@type":"ImageObject","inLanguage":"en-US","@id":"https:\/\/celuzag.mx\/#\/schema\/logo\/image\/","url":"https:\/\/celuzag.mx\/wp-content\/uploads\/2017\/12\/cropped-cropped-Celuz-AGRO-Registrada-1-e1740420020149.png","contentUrl":"https:\/\/celuzag.mx\/wp-content\/uploads\/2017\/12\/cropped-cropped-Celuz-AGRO-Registrada-1-e1740420020149.png","width":250,"height":88,"caption":"Celuz AGRO"},"image":{"@id":"https:\/\/celuzag.mx\/#\/schema\/logo\/image\/"},"sameAs":["https:\/\/www.facebook.com\/CeluzAgro","https:\/\/x.com\/CeluzAgro","https:\/\/www.instagram.com\/celuzagro\/","https:\/\/www.youtube.com\/@celuzagro519","https:\/\/mx.linkedin.com\/company\/celuz-agro"]}]}},"_links":{"self":[{"href":"https:\/\/celuzag.mx\/en\/wp-json\/wp\/v2\/pages\/28","targetHints":{"allow":["GET"]}}],"collection":[{"href":"https:\/\/celuzag.mx\/en\/wp-json\/wp\/v2\/pages"}],"about":[{"href":"https:\/\/celuzag.mx\/en\/wp-json\/wp\/v2\/types\/page"}],"author":[{"embeddable":true,"href":"https:\/\/celuzag.mx\/en\/wp-json\/wp\/v2\/users\/1"}],"replies":[{"embeddable":true,"href":"https:\/\/celuzag.mx\/en\/wp-json\/wp\/v2\/comments?post=28"}],"version-history":[{"count":347,"href":"https:\/\/celuzag.mx\/en\/wp-json\/wp\/v2\/pages\/28\/revisions"}],"predecessor-version":[{"id":21474,"href":"https:\/\/celuzag.mx\/en\/wp-json\/wp\/v2\/pages\/28\/revisions\/21474"}],"wp:attachment":[{"href":"https:\/\/celuzag.mx\/en\/wp-json\/wp\/v2\/media?parent=28"}],"curies":[{"name":"wp","href":"https:\/\/api.w.org\/{rel}","templated":true}]}}